{"id":832,"date":"2022-10-27T07:14:16","date_gmt":"2022-10-27T04:14:16","guid":{"rendered":"https:\/\/simplyclean.lv\/%d0%bf%d0%be%d0%bb%d0%b8%d1%82%d0%b8%d0%ba%d0%b0-%d0%ba%d0%be%d0%bd%d1%84%d0%b8%d0%b4%d0%b5%d0%bd%d1%86%d0%b8%d0%b0%d0%bb%d1%8c%d0%bd%d0%be%d1%81%d1%82%d0%b8\/"},"modified":"2024-02-08T17:06:56","modified_gmt":"2024-02-08T14:06:56","slug":"%d0%bf%d0%be%d0%bb%d0%b8%d1%82%d0%b8%d0%ba%d0%b0-%d0%ba%d0%be%d0%bd%d1%84%d0%b8%d0%b4%d0%b5%d0%bd%d1%86%d0%b8%d0%b0%d0%bb%d1%8c%d0%bd%d0%be%d1%81%d1%82%d0%b8","status":"publish","type":"page","link":"https:\/\/simplyclean.lv\/ru\/%d0%bf%d0%be%d0%bb%d0%b8%d1%82%d0%b8%d0%ba%d0%b0-%d0%ba%d0%be%d0%bd%d1%84%d0%b8%d0%b4%d0%b5%d0%bd%d1%86%d0%b8%d0%b0%d0%bb%d1%8c%d0%bd%d0%be%d1%81%d1%82%d0%b8\/","title":{"rendered":"\u041f\u043e\u043b\u0438\u0442\u0438\u043a\u0430 \u043a\u043e\u043d\u0444\u0438\u0434\u0435\u043d\u0446\u0438\u0430\u043b\u044c\u043d\u043e\u0441\u0442\u0438"},"content":{"rendered":"\t\t<div data-elementor-type=\"wp-page\" data-elementor-id=\"832\" class=\"elementor elementor-832 elementor-817\" data-elementor-post-type=\"page\">\n\t\t\t\t\t\t<section class=\"elementor-section elementor-top-section elementor-element elementor-element-d326efe elementor-section-boxed elementor-section-height-default elementor-section-height-default\" data-id=\"d326efe\" data-element_type=\"section\">\n\t\t\t\t\t\t<div class=\"elementor-container elementor-column-gap-default\">\n\t\t\t\t\t<div class=\"elementor-column elementor-col-100 elementor-top-column elementor-element elementor-element-006aeef\" data-id=\"006aeef\" data-element_type=\"column\">\n\t\t\t<div class=\"elementor-widget-wrap elementor-element-populated\">\n\t\t\t\t\t\t<div class=\"elementor-element elementor-element-2c088e3 elementor-widget elementor-widget-heading\" data-id=\"2c088e3\" data-element_type=\"widget\" data-widget_type=\"heading.default\">\n\t\t\t\t<div class=\"elementor-widget-container\">\n\t\t\t<style>\/*! elementor - v3.19.0 - 07-02-2024 *\/\n.elementor-heading-title{padding:0;margin:0;line-height:1}.elementor-widget-heading .elementor-heading-title[class*=elementor-size-]>a{color:inherit;font-size:inherit;line-height:inherit}.elementor-widget-heading .elementor-heading-title.elementor-size-small{font-size:15px}.elementor-widget-heading .elementor-heading-title.elementor-size-medium{font-size:19px}.elementor-widget-heading .elementor-heading-title.elementor-size-large{font-size:29px}.elementor-widget-heading .elementor-heading-title.elementor-size-xl{font-size:39px}.elementor-widget-heading .elementor-heading-title.elementor-size-xxl{font-size:59px}<\/style><h1 class=\"elementor-heading-title elementor-size-default\">\u041f\u043e\u043b\u0438\u0442\u0438\u043a\u0430 \u043a\u043e\u043d\u0444\u0438\u0434\u0435\u043d\u0446\u0438\u0430\u043b\u044c\u043d\u043e\u0441\u0442\u0438<\/h1>\t\t<\/div>\n\t\t\t\t<\/div>\n\t\t\t\t<div class=\"elementor-element elementor-element-0e2c4e7 elementor-widget elementor-widget-text-editor\" data-id=\"0e2c4e7\" data-element_type=\"widget\" data-widget_type=\"text-editor.default\">\n\t\t\t\t<div class=\"elementor-widget-container\">\n\t\t\t<style>\/*! elementor - v3.19.0 - 07-02-2024 *\/\n.elementor-widget-text-editor.elementor-drop-cap-view-stacked .elementor-drop-cap{background-color:#69727d;color:#fff}.elementor-widget-text-editor.elementor-drop-cap-view-framed .elementor-drop-cap{color:#69727d;border:3px solid;background-color:transparent}.elementor-widget-text-editor:not(.elementor-drop-cap-view-default) .elementor-drop-cap{margin-top:8px}.elementor-widget-text-editor:not(.elementor-drop-cap-view-default) .elementor-drop-cap-letter{width:1em;height:1em}.elementor-widget-text-editor .elementor-drop-cap{float:left;text-align:center;line-height:1;font-size:50px}.elementor-widget-text-editor .elementor-drop-cap-letter{display:inline-block}<\/style>\t\t\t\t<ol>\r\n<li><strong>Ievads<\/strong> Sabiedr\u012bba ar ierobe\u017eotu atbild\u012bbu \u201cSIMPLY CLEAN\u201d, re\u0123istr\u0101cijas Nr. 44103133242, juridisk\u0101 adrese: Stabu iela 47-5, R\u012bga, LV-1011(turpm\u0101k \u2013 P\u0101rzinis), interneta vietn\u0113 www.SimplyClean.lv (turpm\u0101k \u2013 Vietne) veic t\u0101du personas datu apstr\u0101di, kas ir ieg\u016bti no datu subjekta \u2013 Vietnes lietot\u0101ja (turpm\u0101k \u2013 Lietot\u0101js). P\u0101rzinis r\u016bp\u0113jas par Lietot\u0101ja priv\u0101tumu un personas datu aizsardz\u012bbu, iev\u0113ro Lietot\u0101ja ties\u012bbas uz personas datu apstr\u0101des likum\u012bbu saska\u0146\u0101 ar piem\u0113rojamajiem ties\u012bbu aktiem: , Eiropas Parlamenta un Padomes Regulas (ES) 2016\/679 par fizisko personu aizsardz\u012bbu attiec\u012bb\u0101 uz personas datu apstr\u0101di un \u0161\u0101du datu br\u012bvu apriti un ar ko atce\u013c Direkt\u012bvu 95\/46\/EK (Visp\u0101r\u012bg\u0101 datu aizsardz\u012bbas regula), turpm\u0101k tekst\u0101 \u2013 Regula un citiem piem\u0113rojamajiem ties\u012bbu aktiem priv\u0101tuma un datu apstr\u0101des jom\u0101. \u0145emot v\u0113r\u0101 min\u0113to, P\u0101rzinis ir izstr\u0101d\u0101jis \u0161o priv\u0101tuma politiku ar m\u0113r\u0137i sniegt Lietot\u0101jam Regul\u0101 paredz\u0113to inform\u0101ciju. Priv\u0101tuma politika ir attiecin\u0101ma uz datu apstr\u0101di neatkar\u012bgi no t\u0101, k\u0101d\u0101 form\u0101 un\/vai vid\u0113 Lietot\u0101js sniedz personas datus (Vietn\u0113, pap\u012bra form\u0101t\u0101 vai telefoniski).<\/li>\r\n<li><strong>P\u0101rzi\u0146a identit\u0101te un kontaktinform\u0101cija&nbsp;<\/strong>Sabiedr\u012bba ar ierobe\u017eotu atbild\u012bbu \u201cSIMPLY CLEAN\u201d, re\u0123istr\u0101cijas Nr. 44103133242, juridisk\u0101 adrese: Stabu iela 47-5, R\u012bga, LV-1011, M\u0101jaslapa: www.SimplyClean.lv, e-pasts: info@simplyclean.lv.<\/li>\r\n<li><strong>Datu aizsardz\u012bbas speci\u0101lista kontaktinform\u0101cija<\/strong>&nbsp;Ar p\u0101rzi\u0146a datu aizsardz\u012bbas speci\u0101listu var sazin\u0101ties rakstot uz&nbsp;info@simplyclean.lv<\/li>\r\n<li><strong>Apstr\u0101des nol\u016bki<\/strong> P\u0101rzinis apstr\u0101d\u0101 \u0161\u0101dus personas datus \u0161\u0101diem nol\u016bkiem: 1.&nbsp;Pakalpojumu snieg\u0161anai; 4.2.&nbsp;Klientu identific\u0113\u0161anai; 4.3.&nbsp;L\u012bguma ar klientiem sagatavo\u0161anai, nosl\u0113g\u0161anai un izpildei; 4.4.&nbsp;Nekustamo \u012bpa\u0161umu p\u0101rvald\u012b\u0161anai; nor\u0113\u0137inu administr\u0113\u0161anai; par\u0101du piedzi\u0146a, klientu iebildumu izskat\u012b\u0161anai; 4.5.&nbsp;Inform\u0101cijas snieg\u0161anai valsts p\u0101rvaldes iest\u0101d\u0113m un operat\u012bv\u0101s darb\u012bbas subjektiem normat\u012bvajos aktos noteiktajos gad\u012bjumos un apjom\u0101; 4.6.&nbsp;Person\u0101la vad\u012bbai, tai skait\u0101: person\u0101la atlase; darba l\u012bguma nosl\u0113g\u0161ana un izpilde; darba laika uzskaite; darba samaksas apr\u0113\u0137ina un darba samaksas veik\u0161anas nodro\u0161in\u0101\u0161ana; gr\u0101matved\u012bbas pras\u012bbu izpilde (attiec\u012bgu attaisnojumu dokumentu noform\u0113\u0161ana, komand\u0113juma noform\u0113\u0161ana); darbinieku soci\u0101lo labumu nodro\u0161in\u0101\u0161ana (vesel\u012bbas apdro\u0161in\u0101\u0161ana); darba pien\u0101kumu izpildes fiks\u0113\u0161ana un kontrole; 4.7. Gr\u0101matved\u012bbas, lietved\u012bbas, un citu normat\u012bvo aktu pras\u012bbu izpildei; 4.8.&nbsp;P\u0101rzi\u0146a le\u0123it\u012bmo intere\u0161u \u012bsteno\u0161anai; 4.9.&nbsp;Kvalit\u0101tes kontrolei kontrolei (P\u0101rzinis veic telefonsarunu ierakst\u012b\u0161anu konsult\u0101ciju kvalit\u0101tes nodro\u0161in\u0101\u0161anas un uzlabo\u0161anas nol\u016bk\u0101). 4.10.&nbsp;Klientu lojalit\u0101tes veicin\u0101\u0161anai, apmierin\u0101t\u012bbas m\u0113r\u012bjumiem. Priv\u0101tuma politikas min\u0113tie datu apstr\u0101des nol\u016bki ir indikat\u012bvi un personas dati var tikt apstr\u0101d\u0101ti ar\u012b t\u0101diem tie\u0161i nemin\u0113tiem nol\u016bkiem, kuri ir cie\u0161i saist\u012bti ar iepriek\u0161 nor\u0101d\u012btajiem un nepiecie\u0161ami normat\u012bvo aktu pras\u012bbu izpildei.<\/li>\r\n<li><strong>Personas datu kategorijas<\/strong> Personas datu kategorijas, ko apstr\u0101d\u0101 P\u0101rzinis, ir atkar\u012bgas no datu apstr\u0101des nol\u016bkiem un veida: Personu datu apstr\u0101des nol\u016bks: <u>5.1. Nekustamo \u012bpa\u0161umu p\u0101rvald\u012b\u0161anai un apsaimnieko\u0161anai nepiecie\u0161amie dati:&nbsp;<\/u> v\u0101rds, uzv\u0101rds, personas kods (cits personas identifik\u0101cijas numurs), pilnvarot\u0101s personas v\u0101rds, uzv\u0101rds, personas kods (cits personas identifik\u0101cijas numurs), kontaktinform\u0101cija (t\u0101lru\u0146a numurs, elektronisk\u0101 adrese, pasta adrese, IP adrese), dati par fiziskai personai piedero\u0161o nekustamo \u012bpa\u0161umu (adrese, kadastra numurs, plat\u012bba, \u012bpa\u0161uma\/lieto\u0161anas ties\u012bbu ieg\u016b\u0161anas datums un tiesiskais pamats, \u012bpa\u0161uma ties\u012bbu\/lieto\u0161anas ties\u012bbu izbeig\u0161anas datums), deklar\u0113t\u0101 un faktisk\u0101 dz\u012bvesvietas adrese, inform\u0101cija par bankas kontu, l\u012bguma numurs, l\u012bguma re\u0123istr\u0113\u0161anas datums, p\u0101rvald\u012b\u0161anas darb\u012bbu snieg\u0161anas laiks, \u012bpa\u0161um\u0101 deklar\u0113to personu skaits, \u016bdens, elektroener\u0123ijas, siltumener\u0123ijas, g\u0101zes u.c. pat\u0113ri\u0146a apjoms, inform\u0101cija par nor\u0113\u0137iniem (r\u0113\u0137ina numurs, datums, summa, r\u0113\u0137ina sa\u0146em\u0161anas veids, apmaksas datums, par\u0101da summa, inform\u0101cija par par\u0101da atguvi\/piedzi\u0146u, <u>5.2.&nbsp;Person\u0101la atlasei un person\u0101la vad\u012bbai: inform\u0101cija, kas ir iek\u013cauta kandid\u0101ta iesniegtaj\u0101 CV, k\u0101 ar\u012b pa\u0161a kandid\u0101ta, darbinieku sniegt\u0101 inform\u0101cija:<\/u>&nbsp;v\u0101rds, uzv\u0101rds, personas kods, adrese, t\u0101lru\u0146u numurs, e-pasta adrese, amats, darba alga, nostr\u0101d\u0101tais laiks, bankas konta numurs, promb\u016btnes periodi, b\u0113rnu skaits un to dzim\u0161anas gadi, darba pieredze, inform\u0101cija par izgl\u012bt\u012bbu un kvalifik\u0101ciju, valodu prasmes, u.c. ar person\u0101lvad\u012bbu saist\u012bt\u0101 personas datu saturo\u0161a inform\u0101cija. Nodarbin\u0101t\u012bbas un karjeras v\u0113sture, inform\u0101cija par vesel\u012bbu (oblig\u0101t\u0101s vesel\u012bbas p\u0101rbaudes dati, darbnesp\u0113jas lapas), par apm\u0101c\u012bb\u0101m, par \u0113tikas p\u0101rk\u0101pumiem, utt.<\/li>\r\n<\/ol>\r\n<ol start=\"6\">\r\n<li><strong>Personas datu apstr\u0101des juridiskais pamats<\/strong> Datu apstr\u0101des tiesiskais pamats ir: 1.Ar Lietot\u0101ja piekri\u0161anu (Regulas 6. panta 1. punkta a) apak\u0161punkts); 6.2.Apstr\u0101de ir vajadz\u012bga l\u012bguma ar datu subjektu (darbinieku, klientu) izpildei vai pas\u0101kumu veik\u0161anai p\u0113c datu subjekta piepras\u012bjuma pirms l\u012bguma nosl\u0113g\u0161anas (Regulas 6. panta 1. punkta b) apak\u0161punkts); 6.3.Gad\u012bjumos, kad apstr\u0101de ir vajadz\u012bga, lai \u012bstenotu vai aizst\u0101v\u0113tu P\u0101rzi\u0146a likum\u012bg\u0101s intereses ties\u0101 (Regulas 6. panta 1. punkta f) apak\u0161punkts un 9. panta 2. punkta f) apak\u0161punkts); 6.4.Darbinieka darbsp\u0113jas nov\u0113rt\u0113\u0161anai (Regulas 9. panta 2. punkta h) apak\u0161punkts); 6.5.Gad\u012bjumos, kad apstr\u0101de ir vajadz\u012bga, lai nodro\u0161in\u0101tu P\u0101rzi\u0146a le\u0123it\u012bm\u0101s intereses (organiz\u0113t efekt\u012bvu pakalpojumu snieg\u0161anas procesu (piem\u0113ram, telefonsarunu ierakst\u012b\u0161ana konsult\u0101ciju kvalit\u0101tes nodro\u0161in\u0101\u0161anas un uzlabo\u0161anas nol\u016bk\u0101, s\u016bdz\u012bbu izskat\u012b\u0161ana, pakalpojumu snieg\u0161anas kvalit\u0101tes uzlabo\u0161ana), sa\u0146emt samaksu par sniegtajiem pakalpojumiem) (Regulas 6. panta 1. punkta f) apak\u0161punkts). Telefonsarunu ierakstu maksim\u0101lais glab\u0101\u0161anas termi\u0146\u0161 \u2013 30 dienas. P\u0101rzinis nodro\u0161ina sarunu ierakstu saglab\u0101\u0161anu un konfidencialit\u0101ti; 6.6.Apstr\u0101de ir vajadz\u012bga, lai izpild\u012btu uz P\u0101rzini attiecin\u0101mu juridisku pien\u0101kumu (Regulas 6. panta 1. punkta c) apak\u0161punkts).<\/li>\r\n<li><strong>Personas datu sa\u0146\u0113m\u0113ju kategorijas<\/strong> Dati tiek izpausti tiem P\u0101rzi\u0146a darbiniekiem, kam tie ir nepiecie\u0161ami tie\u0161o pien\u0101kumu veik\u0161anai, lai izpild\u012btu vai nosl\u0113gtu attiec\u012bgu pakalpojumu snieg\u0161anas l\u012bgumu. Ieg\u016bstot un izmantojot personu datus, P\u0101rzinis da\u013c\u0113ji izmanto \u0101r\u0113jo pakalpojumu sniedz\u0113ju pakalpojumus (piem\u0113ram, servera, pasta, arhiv\u0113\u0161anas, IT m\u0101rketinga, apsardzes, par\u0101du piedzi\u0146as pakalpojumu sniedz\u0113ji), ar kuriem, atbilsto\u0161i Regulas 28.panta nosac\u012bjumiem, ir nosl\u0113gtas vieno\u0161an\u0101s par personas datu aizsardz\u012bbu. Dati var tikt nodoti ar\u012b tiesu izpild\u012bt\u0101jiem, not\u0101riem, juristiem, advok\u0101tiem, konsultantiem, revidentiem, brokeriem, apdro\u0161in\u0101t\u0101jiem, kred\u012btiest\u0101d\u0113m, ties\u012bbsarg\u0101jo\u0161aj\u0101m iest\u0101d\u0113m, ties\u0101m, sabiedrisko pakalpojumu sniedz\u0113jiem un cit\u0101m iest\u0101d\u0113m.<\/li>\r\n<li><strong>Datu subjektu kategorijas<\/strong> Datu subjektu kategorijas \u2013 P\u0101rzi\u0146a eso\u0161ie, biju\u0161ie un potenci\u0101lie klienti.<\/li>\r\n<li><strong>Datu nodo\u0161ana \u0101rpus Latvijas<\/strong> Sa\u0146emtie dati netiek un netiks nodoti \u0101rpus Latvijas, Eiropas Savien\u012bbas vai Eiropas ekonomisk\u0101s zonas, k\u0101 ar\u012b netiks nodoti nevienai starptautiskai organiz\u0101cijai.<\/li>\r\n<li><strong>Automatiz\u0113ta l\u0113mumu pie\u0146em\u0161ana<\/strong> P\u0101rzinis neveic un nepl\u0101no veikt automatiz\u0113tu l\u0113mumu pie\u0146em\u0161anu attiec\u012bb\u0101 uz datu subjektiem.<\/li>\r\n<li><strong>Datu glab\u0101\u0161anas ilgums<\/strong> P\u0101rzinis glab\u0101 personas datus ne ilg\u0101k, k\u0101 nepiecie\u0161ams attiec\u012bg\u0101 personas datu apstr\u0101des nol\u016bka sasnieg\u0161anai. Personas dati tiek glab\u0101ti, kam\u0113r k\u0101dai no pus\u0113m past\u0101v juridisks pien\u0101kums datus glab\u0101t, vai, kam\u0113r \u0101r\u0113jos normat\u012bvajos aktos noteiktaj\u0101 k\u0101rt\u012bb\u0101 datu subjekts vai P\u0101rzinis var realiz\u0113t savas le\u0123it\u012bm\u0101s intereses (piem\u0113ram, pras\u012bjumu izskat\u012b\u0161ana, ties\u012bbu aizsardz\u012bba, jaut\u0101jumu risin\u0101\u0161ana, vest pras\u012bbu ties\u0101 vai noilguma iev\u0113ro\u0161ana u.tml.); Visa inform\u0101cija, kas ieg\u016bta person\u0101la atlases konkursa laik\u0101, piln\u012bb\u0101 vai da\u013c\u0113ji tiks glab\u0101ta ne ilg\u0101k k\u0101 6 m\u0113ne\u0161us, lai nodro\u0161in\u0101tu P\u0101rzi\u0146a tiesisk\u0101s intereses. Gad\u012bjum\u0101, ja P\u0101rzinis sa\u0146ems s\u016bdz\u012bbas par konkr\u0113to person\u0101la atlases procesu, tad visa person\u0101la atlases proces\u0101 apstr\u0101d\u0101t\u0101 inform\u0101cija tiks saglab\u0101ta tik ilgi, cik nepiecie\u0161ams konkr\u0113tajam procesam. P\u0101rzinis kvalit\u0101tes kontroles un uzlabo\u0161anas nol\u016bkos veic telefonsarunu ierakstus, par ko katrs datu subjekts tiek inform\u0113ts. Personas dati tiek glab\u0101tas 31 dienu no to veik\u0161anas dienas. P\u0113c glab\u0101\u0161anas laikposma beig\u0101m, personas dati tiks neatgriezeniski dz\u0113sti, ja vien saska\u0146\u0101 ar normat\u012bvajiem aktiem nepast\u0101v\u0113s pien\u0101kums tos glab\u0101t. Personas datu uzglab\u0101\u0161ana ilg\u0101ku laika posmu var tik veikta, ja tas ir nepiecie\u0161ams, lai P\u0101rzinis var\u0113tu nodro\u0161in\u0101t savu ties\u012bbu aizsardz\u012bbu saist\u012bb\u0101 ar pras\u012bjumiem, pretenzij\u0101m vai pras\u012bb\u0101m, vai dati ir nepiecie\u0161ami pien\u0101c\u012bgai str\u012bda, s\u016bdz\u012bbas izskat\u012b\u0161anai. Ja nor\u0101d\u012bjumos par datu aizsardz\u012bbu nav min\u0113ts cit\u0101di, P\u0101rzinis personas datus izdz\u0113\u0161am v\u0113l\u0101kais tr\u012bs m\u0113ne\u0161us p\u0113c tam, kad vairs nav sp\u0113k\u0101 s\u0101kotn\u0113jais datu saglab\u0101\u0161anas iemesls, iz\u0146emot gad\u012bjumus, ja m\u016bsu tiesiskais pien\u0101kums ir ar\u012b turpm\u0101k saglab\u0101t \u0161os datus (piem\u0113ram, bet ne tikai, m\u0101jas lieta, gr\u0101matved\u012bbas uzskaites vai tiesved\u012bbas vajadz\u012bb\u0101m).<\/li>\r\n<li><strong>Datu subjekta piek\u013cuve personas datiem<\/strong> Datu subjektam ir ties\u012bbas m\u0113ne\u0161a laik\u0101 no attiec\u012bga piepras\u012bjuma iesnieg\u0161anas dienas sa\u0146emt piek\u013cuvi datu subjekta personas datiem. Lietot\u0101js var iesniegt piepras\u012bjumu par savu ties\u012bbu \u012bsteno\u0161anu rakstveida form\u0101 kl\u0101tien\u0113, P\u0101rzi\u0146a juridiskaj\u0101 adres\u0113 (uzr\u0101dot personu apliecino\u0161u dokumentu) vai e-pasta veid\u0101, parakstot ar dro\u0161u elektronisko parakstu. Sa\u0146emot Lietot\u0101ja piepras\u012bjumu par savu ties\u012bbu \u012bsteno\u0161anu, P\u0101rzinis p\u0101rliecin\u0101s par Lietot\u0101ja identit\u0101ti, izv\u0113rt\u0113 piepras\u012bjumu un izpilda to saska\u0146\u0101 ar normat\u012bvajiem aktiem. Lietot\u0101jam ir ties\u012bbas sa\u0146emt normat\u012bvajos aktos noteikto inform\u0101ciju saist\u012bb\u0101 ar vi\u0146a datu apstr\u0101di, ties\u012bbas piepras\u012bt piek\u013cuvi saviem personas datiem, k\u0101 ar\u012b piepras\u012bt P\u0101rzinim veikt to papildin\u0101\u0161anu, labo\u0161anu vai dz\u0113\u0161anu, apstr\u0101des ierobe\u017eo\u0161anu vai ties\u012bbas iebilst pret apstr\u0101di, cikt\u0101l \u0161\u012bs ties\u012bbas nav pretrun\u0101 ar datu apstr\u0101des m\u0113r\u0137i (l\u012bgumu nosl\u0113g\u0161ana vai izpilde). Datu subjektam nav ties\u012bbu sa\u0146emt inform\u0101ciju, ja \u0161o inform\u0101ciju aizliegts izpaust saska\u0146\u0101 ar normat\u012bvajiem aktiem nacion\u0101l\u0101s dro\u0161\u012bbas, valsts aizsardz\u012bbas, sabiedr\u012bbas dro\u0161\u012bbas, krimin\u0101lties\u012bbu jom\u0101, k\u0101 ar\u012b nol\u016bk\u0101 nodro\u0161in\u0101t valsts finan\u0161u intereses nodok\u013cu liet\u0101s vai finan\u0161u tirgus dal\u012bbnieku uzraudz\u012bbu un makroekonomisko anal\u012bzi.<\/li>\r\n<li><strong>Ties\u012bbas iesniegt s\u016bdz\u012bbu uzraudz\u012bbas iest\u0101dei<\/strong> Datu subjektam ir ties\u012bbas iesniegt s\u016bdz\u012bbu uzraudz\u012bbas iest\u0101dei (Datu valsts inspekcijai) Blauma\u0146a iel\u0101 11\/13, R\u012bg\u0101, Datu valsts inspekcija pie\u0146em ar\u012b elektronisk\u0101 pasta s\u016bt\u012bjumus, kas sa\u0146emti uz elektronisk\u0101 pasta adresi: <a href=\"mailto:info@dvi.gov.lv\">info@dvi.gov.lv<\/a>.<\/li>\r\n<li><strong>Izmai\u0146as priv\u0101tuma politik\u0101<\/strong> P\u0101rzinis patur ties\u012bbas veikt izmai\u0146as \u0161aj\u0101 Priv\u0101tuma politiku, ja main\u0101s noteikti apst\u0101k\u013ci, kuri ietekm\u0113s personas datu apstr\u0101di. P\u0101rzinis iesaka apmekl\u0113t \u0161o sada\u013cu regul\u0101ri, lai uzzin\u0101tu aktu\u0101lo inform\u0101ciju.<\/li>\r\n<\/ol>\t\t\t\t\t\t<\/div>\n\t\t\t\t<\/div>\n\t\t\t\t\t<\/div>\n\t\t<\/div>\n\t\t\t\t\t<\/div>\n\t\t<\/section>\n\t\t\t\t<\/div>\n\t\t","protected":false},"excerpt":{"rendered":"<p>Ievads Sabiedr\u012bba ar ierobe\u017eotu atbild\u012bbu \u201cSIMPLY CLEAN\u201d, re\u0123istr\u0101cijas Nr. 44103133242, juridisk\u0101 adrese: Stabu iela 47-5, R\u012bga, LV-1011(turpm\u0101k \u2013 P\u0101rzinis), interneta vietn\u0113 www.SimplyClean.lv (turpm\u0101k \u2013 Vietne) veic t\u0101du personas datu apstr\u0101di, kas ir ieg\u016bti no datu subjekta \u2013 Vietnes lietot\u0101ja (turpm\u0101k \u2013 Lietot\u0101js). P\u0101rzinis r\u016bp\u0113jas par Lietot\u0101ja priv\u0101tumu un personas datu aizsardz\u012bbu, iev\u0113ro Lietot\u0101ja ties\u012bbas uz [&hellip;]<\/p>\n","protected":false},"author":2,"featured_media":0,"parent":0,"menu_order":0,"comment_status":"closed","ping_status":"closed","template":"elementor_header_footer","meta":{"inline_featured_image":false,"footnotes":""},"_links":{"self":[{"href":"https:\/\/simplyclean.lv\/ru\/wp-json\/wp\/v2\/pages\/832"}],"collection":[{"href":"https:\/\/simplyclean.lv\/ru\/wp-json\/wp\/v2\/pages"}],"about":[{"href":"https:\/\/simplyclean.lv\/ru\/wp-json\/wp\/v2\/types\/page"}],"author":[{"embeddable":true,"href":"https:\/\/simplyclean.lv\/ru\/wp-json\/wp\/v2\/users\/2"}],"replies":[{"embeddable":true,"href":"https:\/\/simplyclean.lv\/ru\/wp-json\/wp\/v2\/comments?post=832"}],"version-history":[{"count":2,"href":"https:\/\/simplyclean.lv\/ru\/wp-json\/wp\/v2\/pages\/832\/revisions"}],"predecessor-version":[{"id":1215,"href":"https:\/\/simplyclean.lv\/ru\/wp-json\/wp\/v2\/pages\/832\/revisions\/1215"}],"wp:attachment":[{"href":"https:\/\/simplyclean.lv\/ru\/wp-json\/wp\/v2\/media?parent=832"}],"curies":[{"name":"wp","href":"https:\/\/api.w.org\/{rel}","templated":true}]}}